{"id":7153,"date":"2023-07-14T10:05:29","date_gmt":"2023-07-14T10:05:29","guid":{"rendered":"https:\/\/stage.sqfin.com\/about\/regulation-license\/"},"modified":"2024-05-09T06:44:20","modified_gmt":"2024-05-09T06:44:20","slug":"regulation-license","status":"publish","type":"page","link":"https:\/\/vt1.portal-sq.io\/pt\/about\/regulation-license\/","title":{"rendered":"Regulamenta\u00e7\u00e3o &#038; Licen\u00e7a"},"content":{"rendered":"","protected":false},"excerpt":{"rendered":"","protected":false},"author":1,"featured_media":0,"parent":6826,"menu_order":0,"comment_status":"closed","ping_status":"closed","template":"page-templates\/dynaflex.php","meta":{"inline_featured_image":false},"acf":[],"aioseo_notices":[],"_links":{"self":[{"href":"https:\/\/vt1.portal-sq.io\/pt\/wp-json\/wp\/v2\/pages\/7153"}],"collection":[{"href":"https:\/\/vt1.portal-sq.io\/pt\/wp-json\/wp\/v2\/pages"}],"about":[{"href":"https:\/\/vt1.portal-sq.io\/pt\/wp-json\/wp\/v2\/types\/page"}],"author":[{"embeddable":true,"href":"https:\/\/vt1.portal-sq.io\/pt\/wp-json\/wp\/v2\/users\/1"}],"replies":[{"embeddable":true,"href":"https:\/\/vt1.portal-sq.io\/pt\/wp-json\/wp\/v2\/comments?post=7153"}],"version-history":[{"count":4,"href":"https:\/\/vt1.portal-sq.io\/pt\/wp-json\/wp\/v2\/pages\/7153\/revisions"}],"predecessor-version":[{"id":18616,"href":"https:\/\/vt1.portal-sq.io\/pt\/wp-json\/wp\/v2\/pages\/7153\/revisions\/18616"}],"up":[{"embeddable":true,"href":"https:\/\/vt1.portal-sq.io\/pt\/wp-json\/wp\/v2\/pages\/6826"}],"wp:attachment":[{"href":"https:\/\/vt1.portal-sq.io\/pt\/wp-json\/wp\/v2\/media?parent=7153"}],"curies":[{"name":"wp","href":"https:\/\/api.w.org\/{rel}","templated":true}]}}